{"id":1930,"date":"2024-01-29T10:57:56","date_gmt":"2024-01-29T02:57:56","guid":{"rendered":"https:\/\/www.bestsheetmetalmachine.com\/?page_id=1930"},"modified":"2024-01-29T14:47:25","modified_gmt":"2024-01-29T06:47:25","slug":"perguntas-frequentes","status":"publish","type":"page","link":"https:\/\/www.bestsheetmetalmachine.com\/pt\/faqs\/","title":{"rendered":"Perguntas frequentes"},"content":{"rendered":"<div class=\"gb-container gb-container-add286f5\">\n<div class=\"gb-container gb-container-2163dbd6\">\n<div id=\"rank-math-faq\" class=\"rank-math-block\">\n<div class=\"rank-math-list\">\n<div id=\"faq-question-1706497046798\" class=\"rank-math-list-item\">\n<h3 class=\"rank-math-question\">O que \u00e9 uma prensa dobradeira?<\/h3>\n<div class=\"rank-math-answer\">\n\n<p>Ao contr\u00e1rio da prensa dobradeira hidromec\u00e2nica que converte energia hidr\u00e1ulica em energia mec\u00e2nica usando um motor hidr\u00e1ulico fixado a um eixo exc\u00eantrico, a prensa dobradeira hidr\u00e1ulica moderna emprega uma bomba hidr\u00e1ulica e cilindros hidr\u00e1ulicos para mover o ar\u00edete. Este design melhora significativamente a efici\u00eancia, permitindo maior velocidade e precis\u00e3o.<br \/>A prensa dobradeira hidr\u00e1ulica moderna pode ser categorizada em dois subgrupos b\u00e1sicos: a\u00e7\u00e3o para cima e a\u00e7\u00e3o para baixo (todos os outros tipos de prensa dobradeira s\u00e3o apenas a\u00e7\u00e3o para baixo). O estilo de a\u00e7\u00e3o para cima foi projetado e utilizado pela primeira vez pelos franceses. Em nossa perspectiva, a prensa dobradeira de a\u00e7\u00e3o para cima se destaca como o tipo superior, n\u00e3o apenas devido \u00e0 orienta\u00e7\u00e3o do carneiro e arranjo de rolos, mas tamb\u00e9m por suas caracter\u00edsticas naturais antideflex\u00e3o. A gravidade trabalha a favor do operador, oferecendo uma din\u00e2mica de trabalho mais vantajosa.<br \/>Para que qualquer dispositivo mec\u00e2nico tenha movimento, uma certa folga \u00e9 necess\u00e1ria para permitir que o mecanismo funcione livremente. Na prensa dobradeira, existe uma folga cr\u00edtica entre a fonte de energia e o corpo do ar\u00edete. Embora essa folga seja \u00f3tima quando a m\u00e1quina \u00e9 nova ou reconstru\u00edda, ela tende a aumentar com a idade e o uso, levando a uma folga excessiva no mecanismo. Em prensas de a\u00e7\u00e3o descendente, essa folga est\u00e1 localizada na parte inferior quando n\u00e3o h\u00e1 carga presente, mudando para a ponta da conex\u00e3o sob carga, afetando a repetibilidade e causando varia\u00e7\u00f5es nos \u00e2ngulos de curvatura. Em contraste, a prensa dobradeira de a\u00e7\u00e3o ascendente mant\u00e9m consistentemente essa folga na parte inferior, esteja sob press\u00e3o ou n\u00e3o.<br \/>As prensas dobradeiras hidr\u00e1ulicas de a\u00e7\u00e3o descendente constituem 90% de todas as prensas dobradeiras em uso hoje. Entre elas, as prensas dobradeiras hidr\u00e1ulicas se destacam como as mais precisas, normalmente controladas por um controlador CNC ou DNC (controle num\u00e9rico computadorizado ou controle num\u00e9rico direto). Esses computadores, por sua vez, supervisionam um sistema de v\u00e1lvula proporcional, permitindo controle preciso sobre o movimento descendente do carneiro e garantindo controle preciso do \u00e2ngulo de curvatura.<\/p>\n\n<\/div>\n<\/div>\n<div id=\"faq-question-1706497100851\" class=\"rank-math-list-item\">\n<h3 class=\"rank-math-question\">Para que serve uma prensa dobradeira?<\/h3>\n<div class=\"rank-math-answer\">\n\n<p>A m\u00e1quina dobradeira \u00e9 amplamente utilizada no processamento de chapas de a\u00e7o, especialmente nas seguintes ind\u00fastrias:<br \/><strong>Ind\u00fastria de decora\u00e7\u00e3o:<\/strong><br \/>A m\u00e1quina de dobradeira CNC \u00e9 essencial para dobrar elevadores de a\u00e7o inoxid\u00e1vel, portas e arma\u00e7\u00f5es de a\u00e7o, janelas de a\u00e7o e rodap\u00e9s. Em alguns casos, a m\u00e1quina de ranhura em V CNC \u00e9 empregada ap\u00f3s a dobra para obter \u00e2ngulos de dobra perfeitos.<br \/><strong>Ind\u00fastria El\u00e9trica:<\/strong><br \/>A prensa dobradeira desempenha um papel crucial na produ\u00e7\u00e3o de arm\u00e1rios el\u00e9tricos. Depois que a chapa de a\u00e7o \u00e9 cortada pela m\u00e1quina de cisalhamento, a prensa dobradeira \u00e9 usada para dobr\u00e1-las em arm\u00e1rios de tamanhos diferentes usando v\u00e1rios tipos de pun\u00e7\u00e3o e matriz. Ferramentas segmentadas, especialmente para as pontas esquerda e direita do pun\u00e7\u00e3o, s\u00e3o vitais para formar a caixa no est\u00e1gio final.<br \/><strong>Ind\u00fastria de cozinha:<\/strong><br \/>O a\u00e7o inoxid\u00e1vel \u00e9 comumente usado em dispositivos de cozinha, e a prensa dobradeira \u00e9 indispens\u00e1vel para dobr\u00e1-los em diferentes formas antes que o produto final seja conclu\u00eddo. As prensas dobradeiras CNC com v\u00e1rias op\u00e7\u00f5es de pun\u00e7\u00e3o e matriz, como pun\u00e7\u00e3o gooseneck e matriz 2V por segmentos, s\u00e3o comumente usadas. A m\u00e1quina tamb\u00e9m \u00e9 empregada para a fabrica\u00e7\u00e3o de HVAC e produtos relacionados.<br \/><strong>Ind\u00fastria Automobil\u00edstica e Naval:<\/strong><br \/>Neste setor, prensas dobradeiras de grande capacidade e prensas dobradeiras CNC s\u00e3o amplamente utilizadas, exigindo maior precis\u00e3o e efici\u00eancia de dobra. A KRRASS, uma fabricante de prensas dobradeiras na China, se destaca na produ\u00e7\u00e3o dessas m\u00e1quinas e fornece excelente servi\u00e7o a clientes no mundo todo.<br \/><strong>Ind\u00fastria aeroespacial:<\/strong><br \/>A ind\u00fastria aeroespacial exige alta precis\u00e3o, pois os componentes produzidos por prensas dobradeiras CNC s\u00e3o pe\u00e7as-chave para o produto final, e a toler\u00e2ncia de flex\u00e3o deve estar dentro de uma faixa aceit\u00e1vel. A KRRASS tem clientes satisfeitos neste campo, conhecida por fornecer prensas dobradeiras que atendem a requisitos rigorosos.<\/p>\n\n<\/div>\n<\/div>\n<\/div>\n<\/div>\n<\/div>\n<\/div>","protected":false},"excerpt":{"rendered":"","protected":false},"author":1,"featured_media":0,"parent":0,"menu_order":0,"comment_status":"closed","ping_status":"closed","template":"","meta":{"_uag_custom_page_level_css":"","footnotes":""},"class_list":{"0":"post-1930","1":"page","2":"type-page","3":"status-publish","5":"infinite-scroll-item"},"uagb_featured_image_src":{"full":false,"thumbnail":false,"medium":false,"medium_large":false,"large":false,"1536x1536":false,"2048x2048":false,"trp-custom-language-flag":false},"uagb_author_info":{"display_name":"admin","author_link":"https:\/\/www.bestsheetmetalmachine.com\/pt\/author\/admin\/"},"uagb_comment_info":0,"uagb_excerpt":null,"_links":{"self":[{"href":"https:\/\/www.bestsheetmetalmachine.com\/pt\/wp-json\/wp\/v2\/pages\/1930","targetHints":{"allow":["GET"]}}],"collection":[{"href":"https:\/\/www.bestsheetmetalmachine.com\/pt\/wp-json\/wp\/v2\/pages"}],"about":[{"href":"https:\/\/www.bestsheetmetalmachine.com\/pt\/wp-json\/wp\/v2\/types\/page"}],"author":[{"embeddable":true,"href":"https:\/\/www.bestsheetmetalmachine.com\/pt\/wp-json\/wp\/v2\/users\/1"}],"replies":[{"embeddable":true,"href":"https:\/\/www.bestsheetmetalmachine.com\/pt\/wp-json\/wp\/v2\/comments?post=1930"}],"version-history":[{"count":0,"href":"https:\/\/www.bestsheetmetalmachine.com\/pt\/wp-json\/wp\/v2\/pages\/1930\/revisions"}],"wp:attachment":[{"href":"https:\/\/www.bestsheetmetalmachine.com\/pt\/wp-json\/wp\/v2\/media?parent=1930"}],"curies":[{"name":"wp","href":"https:\/\/api.w.org\/{rel}","templated":true}]}}