{"id":65,"date":"2022-06-11T22:38:31","date_gmt":"2022-06-11T21:38:31","guid":{"rendered":"https:\/\/safewheels.wordifysites.com\/?page_id=65"},"modified":"2024-08-17T12:56:36","modified_gmt":"2024-08-17T04:56:36","slug":"a-propos-de-nous","status":"publish","type":"page","link":"https:\/\/www.bestsheetmetalmachine.com\/fr\/about-us\/","title":{"rendered":"\u00c0 propos de nous"},"content":{"rendered":"<section class=\"gb-container gb-container-e825e6aa\">\n<div class=\"gb-grid-wrapper gb-grid-wrapper-5f10a85d\">\n<div class=\"gb-grid-column gb-grid-column-74ee1f9f\"><div class=\"gb-container gb-container-74ee1f9f hide-on-mobile\"><\/div><\/div>\n\n<div class=\"gb-grid-column gb-grid-column-0f079b28\"><div class=\"gb-container gb-container-0f079b28\">\n<div class=\"gb-container gb-container-a37de731\"><\/div>\n\n\n<figure class=\"gb-block-image gb-block-image-0ef65290\"><img loading=\"lazy\" decoding=\"async\" width=\"900\" height=\"600\" class=\"gb-image gb-image-0ef65290\" src=\"https:\/\/www.bestsheetmetalmachine.com\/wp-content\/uploads\/2024\/08\/KRRASS-Production-Base.webp\" alt=\"Base de production KRRASS\" title=\"Base de production KRRASS\" srcset=\"https:\/\/www.bestsheetmetalmachine.com\/wp-content\/uploads\/2024\/08\/KRRASS-Production-Base.webp 900w, https:\/\/www.bestsheetmetalmachine.com\/wp-content\/uploads\/2024\/08\/KRRASS-Production-Base-720x480.webp 720w, https:\/\/www.bestsheetmetalmachine.com\/wp-content\/uploads\/2024\/08\/KRRASS-Production-Base-240x160.webp 240w\" sizes=\"auto, (max-width: 900px) 100vw, 900px\" \/><\/figure>\n\n<\/div><\/div>\n\n<div class=\"gb-grid-column gb-grid-column-d78d5a9a\"><div class=\"gb-container gb-container-d78d5a9a\">\n\n<h2 class=\"gb-headline gb-headline-077e2115\"><span class=\"gb-icon\"><svg aria-hidden=\"true\" role=\"img\" height=\"1em\" width=\"1em\" viewbox=\"0 0 256 512\" xmlns=\"http:\/\/www.w3.org\/2000\/svg\"><path fill=\"currentColor\" d=\"M224.3 273l-136 136c-9.4 9.4-24.6 9.4-33.9 0l-22.6-22.6c-9.4-9.4-9.4-24.6 0-33.9l96.4-96.4-96.4-96.4c-9.4-9.4-9.4-24.6 0-33.9L54.3 103c9.4-9.4 24.6-9.4 33.9 0l136 136c9.5 9.4 9.5 24.6.1 34z\"><\/path><\/svg><\/span><span class=\"gb-headline-text\">\u00c0 propos de nous<\/span><\/h2>\n\n\n\n<p><strong><a href=\"https:\/\/www.krrass.com\" data-type=\"link\" data-id=\"https:\/\/www.krrass.com\" target=\"_blank\" rel=\"noopener\">KRRASS<\/a> <\/strong>vous propose une solution d&#039;int\u00e9gration de t\u00f4lerie, sp\u00e9cialis\u00e9e dans le domaine de la fabrication de machines de t\u00f4lerie, fournissant syst\u00e9matiquement des produits stables et fiables ainsi que des services attentionn\u00e9s pour les clients ;<\/p>\n\n\n\n<p>Sans distractions et en restant concentr\u00e9s, nous nous effor\u00e7ons d&#039;am\u00e9liorer nos produits, de montrer la voie de l&#039;innovation et de cr\u00e9er une nouvelle situation dans l&#039;industrie des machines de t\u00f4lerie CNC.<\/p>\n\n\n\n<p class=\"gb-headline gb-headline-bb7b4bd9 gb-headline-text\"><strong>Objectif commercial :<\/strong><\/p>\n\n\n\n<p>Soyez professionnel, soyez coh\u00e9rent<\/p>\n\n\n\n<p class=\"gb-headline gb-headline-de62c5ac gb-headline-text\"><strong>Concentrez-vous, continuez \u00e0 vous am\u00e9liorer<\/strong><\/p>\n\n\n\n<p>\u00catre le leader du CNC <strong><a href=\"https:\/\/www.bestsheetmetalmachine.com\/fr\/presse-plieuse\/\" data-type=\"link\" data-id=\"https:\/\/www.bestsheetmetalmachine.com\/press-brake\/\">usinage de t\u00f4les<\/a> <\/strong>et partenaire du travail de la t\u00f4le !<\/p>\n\n\n\n<a class=\"gb-button gb-button-751d2100\" href=\"https:\/\/www.bestsheetmetalmachine.com\/fr\/faq\/\"><span class=\"gb-button-text\">Faire plus<\/span><span class=\"gb-icon\"><svg aria-hidden=\"true\" role=\"img\" height=\"1em\" width=\"1em\" viewbox=\"0 0 256 512\" xmlns=\"http:\/\/www.w3.org\/2000\/svg\"><path fill=\"currentColor\" d=\"M224.3 273l-136 136c-9.4 9.4-24.6 9.4-33.9 0l-22.6-22.6c-9.4-9.4-9.4-24.6 0-33.9l96.4-96.4-96.4-96.4c-9.4-9.4-9.4-24.6 0-33.9L54.3 103c9.4-9.4 24.6-9.4 33.9 0l136 136c9.5 9.4 9.5 24.6.1 34z\"><\/path><\/svg><\/span><\/a>\n\n\n<div class=\"gb-container gb-container-325d9e7c\">\n\n<div class=\"gb-headline gb-headline-6165337e\"><span class=\"gb-icon\"><svg xmlns=\"http:\/\/www.w3.org\/2000\/svg\" id=\"Layer_1\" viewbox=\"0 0 107.95 107.95\">   <circle cx=\"54.22\" cy=\"54.08\" r=\"52.85\" style=\"fill:#e5eff8;\"><\/circle>   <circle cx=\"53.12\" cy=\"53.09\" r=\"51.85\" style=\"fill:#fff;\"><\/circle>   <path d=\"m65.23,53.29l-10.08,15.32h-3.01l-10.08-15.32h-10.86v26.51h44.89v-26.51h-10.86Zm8.86,24.51h-40.89v-22.51h7.78l10.08,15.32h5.16l10.08-15.32h7.78v22.51Z\" style=\"fill:#275ab1;\"><\/path>   <path d=\"m53.64,61.41l20.98-19.79c.4-.38.42-1.01.04-1.41-.38-.4-1.01-.42-1.41-.04l-19.61,18.5-19.61-18.5c-.4-.38-1.03-.36-1.41.04-.38.4-.36,1.03.04,1.41l20.98,19.79Z\" style=\"fill:#275ab1;\"><\/path>   <path d=\"m50.97,33.33c-.55,0-1,.45-1,1v17.7l3.68,3.68,3.68-3.68v-17.7c0-.55-.45-1-1-1s-1,.45-1,1v16.87l-1.68,1.68-1.68-1.68v-16.87c0-.55-.45-1-1-1Z\" style=\"fill:#275ab1;\"><\/path>   <path d=\"m61.23,23.65c0-.55-.45-1-1-1s-1,.45-1,1v7.17h-11.17v-7.17c0-.55-.45-1-1-1s-1,.45-1,1v9.17h15.17v-9.17Z\" style=\"fill:#275ab1;\"><\/path> <\/svg><\/span><\/div>\n\n\n\n<div class=\"gb-headline gb-headline-f8ecec42\"><span class=\"gb-icon\"><svg xmlns=\"http:\/\/www.w3.org\/2000\/svg\" id=\"Layer_1\" viewbox=\"0 0 107.95 107.95\">   <circle cx=\"53.41\" cy=\"55.12\" r=\"52.85\" style=\"fill:#e5eff8;\"><\/circle>   <circle cx=\"52.3\" cy=\"54.12\" r=\"51.85\" style=\"fill:#fff;\"><\/circle>   <rect x=\"43.6\" y=\"32.42\" width=\"18.57\" height=\"12.48\" style=\"fill:none; stroke:#275ab1; stroke-linecap:round; stroke-miterlimit:10; stroke-width:2px;\"><\/rect>   <polyline points=\"59.31 44.89 52.88 57.37 46.46 44.89\" style=\"fill:none; stroke:#275ab1; stroke-linecap:round; stroke-miterlimit:10; stroke-width:2px;\"><\/polyline>   <line x1=\"47.17\" y1=\"37.24\" x2=\"53.65\" y2=\"37.24\" style=\"fill:none; stroke:#275ab1; stroke-linecap:round; stroke-miterlimit:10; stroke-width:2px;\"><\/line>   <line x1=\"62.17\" y1=\"34.54\" x2=\"82.25\" y2=\"34.54\" style=\"fill:none; stroke:#275ab1; stroke-linecap:round; stroke-miterlimit:10; stroke-width:2px;\"><\/line>   <line x1=\"43.6\" y1=\"34.54\" x2=\"23.69\" y2=\"34.54\" style=\"fill:none; stroke:#275ab1; stroke-linecap:round; stroke-miterlimit:10; stroke-width:2px;\"><\/line>   <line x1=\"23.69\" y1=\"27.74\" x2=\"82.25\" y2=\"27.74\" style=\"fill:none; stroke:#275ab1; stroke-linecap:round; stroke-miterlimit:10; stroke-width:2px;\"><\/line>   <polyline points=\"49.28 50.36 33.65 50.36 22.42 78.5 52.88 78.5\" style=\"fill:none; stroke:#275ab1; stroke-linecap:round; stroke-miterlimit:10; stroke-width:2px;\"><\/polyline>   <polyline points=\"56.49 50.36 72.12 50.36 83.35 78.5 52.88 78.5\" style=\"fill:none; stroke:#275ab1; stroke-linecap:round; stroke-miterlimit:10; stroke-width:2px;\"><\/polyline>   <polyline points=\"36.31 58.68 30.5 74.38 40.28 74.38 43.6 67.86 51.06 67.86 55.17 74.38 76.44 74.38 71.33 61.91 56.59 61.91\" style=\"fill:none; stroke:#275ab1; stroke-linecap:round; stroke-miterlimit:10; stroke-width:2px;\"><\/polyline>   <line x1=\"52.88\" y1=\"57.37\" x2=\"52.88\" y2=\"62.05\" style=\"fill:none; stroke:#275ab1; stroke-linecap:round; stroke-miterlimit:10; stroke-width:2px;\"><\/line> <\/svg><\/span><\/div>\n\n<\/div>\n<\/div><\/div>\n<\/div>\n<\/section>\n\n<section class=\"gb-container gb-container-4524fa58\">\n<div class=\"gb-container gb-container-ecc87b2f\">\n\n<div class=\"wp-block-uagb-modal uagb-block-47c3ca0b uagb-modal-wrapper\" data-escpress=\"disable\" data-overlayclick=\"disable\"><div class=\"uagb-spectra-button-wrapper wp-block-button\"><a class=\"uagb-modal-button-link wp-block-button__link uagb-modal-trigger\" href=\"#\" onclick=\"return false;\" target=\"_self\" rel=\"noopener noreferrer\"><span class=\"uagb-modal-content-wrapper\"><svg xmlns=\"https:\/\/www.w3.org\/2000\/svg\" viewbox=\"0 0 512 512\"><path d=\"M512 256C512 397.4 397.4 512 256 512C114.6 512 0 397.4 0 256C0 114.6 114.6 0 256 0C397.4 0 512 114.6 512 256zM176 168V344C176 352.7 180.7 360.7 188.3 364.9C195.8 369.2 205.1 369 212.5 364.5L356.5 276.5C363.6 272.1 368 264.4 368 256C368 247.6 363.6 239.9 356.5 235.5L212.5 147.5C205.1 142.1 195.8 142.8 188.3 147.1C180.7 151.3 176 159.3 176 168V168z\"><\/path><\/svg><span class=\"uagb-inline-editing\">Regardez notre vid\u00e9o<\/span><\/span><\/a><\/div><div class=\"uagb-effect-default uagb-modal-popup uagb-block-47c3ca0b\"><div class=\"uagb-modal-popup-wrap\"><div class=\"uagb-modal-popup-content\">\n<figure class=\"wp-block-embed alignfull is-type-video is-provider-youtube wp-block-embed-youtube wp-embed-aspect-16-9 wp-has-aspect-ratio\"><div class=\"wp-block-embed__wrapper\">\nhttps:\/\/www.youtube.com\/watch?v=LU9QolvVGvg\n<\/div><\/figure>\n<\/div><button class=\"uagb-modal-popup-close\" aria-label=\"Fermer la fen\u00eatre modale\"><svg xmlns=\"https:\/\/www.w3.org\/2000\/svg\" viewbox=\"0 0 320 512\"><path d=\"M310.6 361.4c12.5 12.5 12.5 32.75 0 45.25C304.4 412.9 296.2 416 288 416s-16.38-3.125-22.62-9.375L160 301.3L54.63 406.6C48.38 412.9 40.19 416 32 416S15.63 412.9 9.375 406.6c-12.5-12.5-12.5-32.75 0-45.25l105.4-105.4L9.375 150.6c-12.5-12.5-12.5-32.75 0-45.25s32.75-12.5 45.25 0L160 210.8l105.4-105.4c12.5-12.5 32.75-12.5 45.25 0s12.5 32.75 0 45.25l-105.4 105.4L310.6 361.4z\"><\/path><\/svg><\/button><\/div><\/div><\/div>\n\n<\/div>\n<\/section>\n\n<section class=\"gb-container gb-container-e948d744\">\n<div class=\"gb-container gb-container-f9fcf570\">\n<div class=\"gb-container gb-container-d9d06512\">\n\n<h2 class=\"gb-headline gb-headline-cdebd202 gb-headline-text\">As-tu <mark class=\"gb-highlight\">d&#039;autres questions ?<\/mark><\/h2>\n\n\n\n<p class=\"gb-headline gb-headline-567b4d61 gb-headline-text\">Des solutions globales sur mesure pour des besoins vari\u00e9s. Votre r\u00e9ussite, notre engagement.<\/p>\n\n<\/div>\n\n<div class=\"gb-container gb-container-ecf77f5d\">\n\n<a class=\"gb-button gb-button-25e5b4c4 gb-button-text\" href=\"https:\/\/www.bestsheetmetalmachine.com\/fr\/faq\/\">Apprendre encore plus<\/a>\n\n<\/div>\n<\/div>\n<\/section>\n\n<section class=\"gb-container gb-container-3d11138c\">\n\n<h2 class=\"gb-headline gb-headline-e86a8e24\"><span class=\"gb-icon\"><svg aria-hidden=\"true\" role=\"img\" height=\"1em\" width=\"1em\" viewbox=\"0 0 256 512\" xmlns=\"http:\/\/www.w3.org\/2000\/svg\"><path fill=\"currentColor\" d=\"M224.3 273l-136 136c-9.4 9.4-24.6 9.4-33.9 0l-22.6-22.6c-9.4-9.4-9.4-24.6 0-33.9l96.4-96.4-96.4-96.4c-9.4-9.4-9.4-24.6 0-33.9L54.3 103c9.4-9.4 24.6-9.4 33.9 0l136 136c9.5 9.4 9.5 24.6.1 34z\"><\/path><\/svg><\/span><span class=\"gb-headline-text\">Notre histoire<\/span><\/h2>\n\n\n\n<h2 class=\"gb-headline gb-headline-cfa308ba gb-headline-text\">Une grande entreprise, une grande histoire<\/h2>\n\n\n\n<h3 class=\"gb-headline gb-headline-fbc413c0 gb-headline-text\">Commencer<\/h3>\n\n\n<div class=\"gb-container gb-container-e8f6d94d\">\n<div class=\"gb-container gb-container-2cf3ffab box-shadow\">\n\n<h3 class=\"gb-headline gb-headline-d9b15de5 gb-headline-text\">Cr\u00e9ation de KRRASS \u00e0 Singapour<\/h3>\n\n\n\n<p class=\"gb-headline gb-headline-da766aef gb-headline-text\">Principalement engag\u00e9 dans les \u00e9quipements de t\u00f4lerie et les solutions techniques, les services commerciaux synchrones et d&#039;autres activit\u00e9s.<\/p>\n\n<\/div>\n\n<div class=\"gb-container gb-container-4eb95b46\">\n<div class=\"gb-container gb-container-c1f3b90c\"><\/div>\n\n<div class=\"gb-container gb-container-9d4a69f5\"><\/div>\n\n<div class=\"gb-container gb-container-666a7d44\"><\/div>\n<\/div>\n\n<div class=\"gb-container gb-container-968547cc\">\n\n<h3 class=\"gb-headline gb-headline-8bf552ab gb-headline-text\">1998<\/h3>\n\n<\/div>\n<\/div>\n\n<div class=\"gb-container gb-container-01fb06b8\">\n<div class=\"gb-container gb-container-2262b349\">\n\n<h3 class=\"gb-headline gb-headline-35e86a9e gb-headline-text\">2008<\/h3>\n\n<\/div>\n\n<div class=\"gb-container gb-container-2b516ffa\">\n<div class=\"gb-container gb-container-f70d0ea3\"><\/div>\n\n<div class=\"gb-container gb-container-3aceee87\"><\/div>\n\n<div class=\"gb-container gb-container-fde164dc\"><\/div>\n<\/div>\n\n<div class=\"gb-container gb-container-a67bc5dc box-shadow\">\n\n<h3 class=\"gb-headline gb-headline-65d60bc1 gb-headline-text\">D\u00e9velopper le march\u00e9 commercial chinois<\/h3>\n\n\n\n<p class=\"gb-headline gb-headline-90af0774 gb-headline-text\">Ouverture d&#039;un bureau en Chine et d\u00e9but du d\u00e9veloppement des activit\u00e9s en Chine.<\/p>\n\n<\/div>\n<\/div>\n\n<div class=\"gb-container gb-container-002ddd9f\">\n<div class=\"gb-container gb-container-c3a30b8f box-shadow\">\n\n<h3 class=\"gb-headline gb-headline-f995e53b gb-headline-text\">Cr\u00e9ation de la soci\u00e9t\u00e9 Nanjing<\/h3>\n\n\n\n<p class=\"gb-headline gb-headline-24cabafe gb-headline-text\">La soci\u00e9t\u00e9 Nanjing a \u00e9t\u00e9 officiellement enregistr\u00e9e et cr\u00e9\u00e9e. La capacit\u00e9 de production de la soci\u00e9t\u00e9 a \u00e9t\u00e9 augment\u00e9e et elle m\u00e8ne \u00e9galement diverses activit\u00e9s OEM&amp;ODM et autres activit\u00e9s connexes.<\/p>\n\n<\/div>\n\n<div class=\"gb-container gb-container-ccf2058e\">\n<div class=\"gb-container gb-container-868f33bb\"><\/div>\n\n<div class=\"gb-container gb-container-d2e44e99\"><\/div>\n\n<div class=\"gb-container gb-container-ed9811a8\"><\/div>\n<\/div>\n\n<div class=\"gb-container gb-container-4cb8dcc7\">\n\n<h3 class=\"gb-headline gb-headline-ee7b3b45 gb-headline-text\">2013<\/h3>\n\n<\/div>\n<\/div>\n\n<div class=\"gb-container gb-container-60073b6e\">\n<div class=\"gb-container gb-container-18b0571c\">\n\n<h3 class=\"gb-headline gb-headline-3a53db08 gb-headline-text\">2021<\/h3>\n\n<\/div>\n\n<div class=\"gb-container gb-container-899e7c63\">\n<div class=\"gb-container gb-container-0b30bc1a\"><\/div>\n\n<div class=\"gb-container gb-container-d3169373\"><\/div>\n\n<div class=\"gb-container gb-container-e4870778\"><\/div>\n<\/div>\n\n<div class=\"gb-container gb-container-35c98aa3 box-shadow\">\n\n<h3 class=\"gb-headline gb-headline-9846d404 gb-headline-text\">D\u00e9m\u00e9nagement et agrandissement d&#039;usine<\/h3>\n\n\n\n<p class=\"gb-headline gb-headline-c4b43f9a gb-headline-text\">L&#039;usine a \u00e9t\u00e9 relocalis\u00e9e \u00e0 Gaochun, Nanjing, ce qui a encore \u00e9largi l&#039;\u00e9chelle de production de l&#039;usine et augment\u00e9 sa capacit\u00e9 de production.<\/p>\n\n<\/div>\n<\/div>\n\n<div class=\"gb-container gb-container-12ecd6f2\">\n<div class=\"gb-container gb-container-53caecf2 box-shadow\">\n\n<h3 class=\"gb-headline gb-headline-08f678aa gb-headline-text\">Cr\u00e9ation d&#039;une soci\u00e9t\u00e9 \u00e0 Hong Kong<\/h3>\n\n\n\n<p class=\"gb-headline gb-headline-84be31b9 gb-headline-text\">Afin de s&#039;adapter \u00e0 l&#039;\u00e9volution de la demande du march\u00e9 international, une succursale \u00e0 Hong Kong a \u00e9t\u00e9 cr\u00e9\u00e9e pour d\u00e9velopper davantage les activit\u00e9s sur le march\u00e9 \u00e9tranger.<\/p>\n\n<\/div>\n\n<div class=\"gb-container gb-container-8bfe0d00 hide-on-mobile\">\n<div class=\"gb-container gb-container-df7c60dc\"><\/div>\n\n<div class=\"gb-container gb-container-b4aee663\"><\/div>\n\n<div class=\"gb-container gb-container-3f83a775\"><\/div>\n<\/div>\n\n<div class=\"gb-container gb-container-9a482aab\">\n\n<h3 class=\"gb-headline gb-headline-c07aaba6 gb-headline-text\">2022<\/h3>\n\n<\/div>\n<\/div>\n<\/section>\n\n<section class=\"gb-container gb-container-293a2755\">\n<div class=\"gb-container gb-container-e49b211c\">\n\n<h2 class=\"gb-headline gb-headline-400a09d2 gb-headline-text\">Faites confiance aux professionnels<\/h2>\n\n\n\n<p class=\"gb-headline gb-headline-97c27cea gb-headline-text\">Nous disposons d&#039;une \u00e9quipe technique et de service de premier ordre capable de faire face \u00e0 divers probl\u00e8mes difficiles et de les r\u00e9soudre. Faites-nous confiance et atteignez votre propre succ\u00e8s.<\/p>\n\n\n<div class=\"gb-grid-wrapper gb-grid-wrapper-4bf95d93\">\n<div class=\"gb-grid-column gb-grid-column-98dc1e4c\"><div class=\"gb-container gb-container-98dc1e4c box-shadow\">\n\n<h3 class=\"gb-headline gb-headline-2ed676e0 gb-headline-text\">pays<\/h3>\n\n\n\n<h4 class=\"gb-headline gb-headline-e5f86036 gb-headline-text\">Plus de 80+<\/h4>\n\n\n\n<p class=\"gb-headline gb-headline-4f7a1660 gb-headline-text\">Les produits d&#039;\u00e9quipement continuent d&#039;\u00eatre vendus dans davantage de pays et de r\u00e9gions du monde<\/p>\n\n<\/div><\/div>\n\n<div class=\"gb-grid-column gb-grid-column-1b0941de\"><div class=\"gb-container gb-container-1b0941de box-shadow\">\n\n<h3 class=\"gb-headline gb-headline-4e5ca7c6 gb-headline-text\">Capacit\u00e9 de production<\/h3>\n\n\n\n<h4 class=\"gb-headline gb-headline-e83d143c gb-headline-text\">3,200+<\/h4>\n\n\n\n<p class=\"gb-headline gb-headline-ecbb6451 gb-headline-text\">Soutien technologique de l&#039;industrie 4.0 pour am\u00e9liorer la capacit\u00e9 et l&#039;efficacit\u00e9 de la production en usine<\/p>\n\n<\/div><\/div>\n\n<div class=\"gb-grid-column gb-grid-column-cab2a071\"><div class=\"gb-container gb-container-cab2a071 box-shadow\">\n\n<h3 class=\"gb-headline gb-headline-b2d9ae1b gb-headline-text\">Garantie d&#039;un an<\/h3>\n\n\n\n<h4 class=\"gb-headline gb-headline-be130034 gb-headline-text\">2<\/h4>\n\n\n\n<p class=\"gb-headline gb-headline-56449c63 gb-headline-text\">Une \u00e9quipe technique professionnelle r\u00e9soudra tous vos probl\u00e8mes pour que vous n&#039;ayez aucun souci<\/p>\n\n<\/div><\/div>\n<\/div>\n<\/div>\n<\/section>\n\n<section class=\"gb-container gb-container-d1f20059\">\n<div class=\"gb-grid-wrapper gb-grid-wrapper-3937e2a0\">\n<div class=\"gb-grid-column gb-grid-column-cb1bce3b\"><div class=\"gb-container gb-container-cb1bce3b\">\n\n<figure class=\"gb-block-image gb-block-image-c0c047af\"><img loading=\"lazy\" decoding=\"async\" width=\"600\" height=\"150\" class=\"gb-image gb-image-c0c047af\" src=\"https:\/\/www.bestsheetmetalmachine.com\/wp-content\/uploads\/2024\/04\/Schneider.png\" alt=\"Schneider\" title=\"Schneider\"\/><\/figure>\n\n<\/div><\/div>\n\n<div class=\"gb-grid-column gb-grid-column-d35d438b\"><div class=\"gb-container gb-container-d35d438b\">\n\n<figure class=\"gb-block-image gb-block-image-3c533070\"><img loading=\"lazy\" decoding=\"async\" width=\"600\" height=\"150\" class=\"gb-image gb-image-3c533070\" src=\"https:\/\/www.bestsheetmetalmachine.com\/wp-content\/uploads\/2024\/04\/REXROTH.png\" alt=\"REXROTH\" title=\"REXROTH\"\/><\/figure>\n\n<\/div><\/div>\n\n<div class=\"gb-grid-column gb-grid-column-dc080b62\"><div class=\"gb-container gb-container-dc080b62\">\n\n<figure class=\"gb-block-image gb-block-image-4b329504\"><img loading=\"lazy\" decoding=\"async\" width=\"600\" height=\"150\" class=\"gb-image gb-image-4b329504\" src=\"https:\/\/www.bestsheetmetalmachine.com\/wp-content\/uploads\/2024\/04\/Delem.png\" alt=\"D\u00e9lem\" title=\"D\u00e9lem\"\/><\/figure>\n\n<\/div><\/div>\n\n<div class=\"gb-grid-column gb-grid-column-b5a3a740\"><div class=\"gb-container gb-container-b5a3a740\">\n\n<figure class=\"gb-block-image gb-block-image-84841287\"><img loading=\"lazy\" decoding=\"async\" width=\"600\" height=\"150\" class=\"gb-image gb-image-84841287\" src=\"https:\/\/www.bestsheetmetalmachine.com\/wp-content\/uploads\/2024\/04\/HAWE.png\" alt=\"HAWE\" title=\"HAWE\"\/><\/figure>\n\n<\/div><\/div>\n\n<div class=\"gb-grid-column gb-grid-column-49fb0b8f\"><div class=\"gb-container gb-container-49fb0b8f\">\n\n<figure class=\"gb-block-image gb-block-image-31160ab1\"><img loading=\"lazy\" decoding=\"async\" width=\"600\" height=\"150\" class=\"gb-image gb-image-31160ab1\" src=\"https:\/\/www.bestsheetmetalmachine.com\/wp-content\/uploads\/2024\/04\/HIWIN.png\" alt=\"HIWIN\" title=\"HIWIN\"\/><\/figure>\n\n<\/div><\/div>\n\n<div class=\"gb-grid-column gb-grid-column-66513f22\"><div class=\"gb-container gb-container-66513f22\">\n\n<figure class=\"gb-block-image gb-block-image-64ce22f5\"><img loading=\"lazy\" decoding=\"async\" width=\"600\" height=\"150\" class=\"gb-image gb-image-64ce22f5\" src=\"https:\/\/www.bestsheetmetalmachine.com\/wp-content\/uploads\/2024\/04\/MAX.png\" alt=\"MAX\" title=\"MAX\"\/><\/figure>\n\n<\/div><\/div>\n<\/div>\n<\/section>","protected":false},"excerpt":{"rendered":"<p>Vous avez d&#039;autres questions\u00a0? Solutions globales sur mesure pour des besoins vari\u00e9s. Votre r\u00e9ussite, notre engagement. Notre histoire\u00a0: Une entreprise formidable, une histoire riche. D\u00e9but \u00e0 Singapour. Cr\u00e9ation de KRRASS. Principalement active dans les \u00e9quipements et solutions techniques pour la t\u00f4lerie, les services de commerce synchrone et autres activit\u00e9s. 1998-2008. D\u00e9veloppement du march\u00e9 chinois. Ouverture d&#039;un bureau en Chine et d\u00e9but de\u2026 <a title=\"\u00c0 propos de nous\" class=\"read-more\" href=\"https:\/\/www.bestsheetmetalmachine.com\/fr\/about-us\/\" aria-label=\"En savoir plus sur \u00c0 propos de nous\">Lire la suite<\/a><\/p>","protected":false},"author":1,"featured_media":359,"parent":0,"menu_order":0,"comment_status":"closed","ping_status":"closed","template":"","meta":{"_uag_custom_page_level_css":"","footnotes":""},"class_list":{"0":"post-65","1":"page","2":"type-page","3":"status-publish","4":"has-post-thumbnail","6":"infinite-scroll-item"},"uagb_featured_image_src":{"full":["https:\/\/www.bestsheetmetalmachine.com\/wp-content\/uploads\/2022\/06\/alex-kotliarskyi-QBpZGqEMsKg-unsplash.jpg",1920,1280,false],"thumbnail":["https:\/\/www.bestsheetmetalmachine.com\/wp-content\/uploads\/2022\/06\/alex-kotliarskyi-QBpZGqEMsKg-unsplash-240x160.jpg",240,160,true],"medium":["https:\/\/www.bestsheetmetalmachine.com\/wp-content\/uploads\/2022\/06\/alex-kotliarskyi-QBpZGqEMsKg-unsplash-720x480.jpg",720,480,true],"medium_large":["https:\/\/www.bestsheetmetalmachine.com\/wp-content\/uploads\/2022\/06\/alex-kotliarskyi-QBpZGqEMsKg-unsplash-960x640.jpg",960,640,true],"large":["https:\/\/www.bestsheetmetalmachine.com\/wp-content\/uploads\/2022\/06\/alex-kotliarskyi-QBpZGqEMsKg-unsplash-1200x800.jpg",1200,800,true],"1536x1536":["https:\/\/www.bestsheetmetalmachine.com\/wp-content\/uploads\/2022\/06\/alex-kotliarskyi-QBpZGqEMsKg-unsplash-1536x1024.jpg",1536,1024,true],"2048x2048":["https:\/\/www.bestsheetmetalmachine.com\/wp-content\/uploads\/2022\/06\/alex-kotliarskyi-QBpZGqEMsKg-unsplash.jpg",1920,1280,false],"trp-custom-language-flag":["https:\/\/www.bestsheetmetalmachine.com\/wp-content\/uploads\/2022\/06\/alex-kotliarskyi-QBpZGqEMsKg-unsplash.jpg",18,12,false]},"uagb_author_info":{"display_name":"admin","author_link":"https:\/\/www.bestsheetmetalmachine.com\/fr\/author\/admin\/"},"uagb_comment_info":0,"uagb_excerpt":"Do you have more questions? Tailoring global solutions for diverse needs. Your success, our commitment. Our story Great company, great history Start Singapore KRRASS established Mainly engaged in sheet metal equipment and technical solutions, synchronous trade services and other businesses. 1998 2008 Expand the Chinese business market Established an office in China and began to\u2026","_links":{"self":[{"href":"https:\/\/www.bestsheetmetalmachine.com\/fr\/wp-json\/wp\/v2\/pages\/65","targetHints":{"allow":["GET"]}}],"collection":[{"href":"https:\/\/www.bestsheetmetalmachine.com\/fr\/wp-json\/wp\/v2\/pages"}],"about":[{"href":"https:\/\/www.bestsheetmetalmachine.com\/fr\/wp-json\/wp\/v2\/types\/page"}],"author":[{"embeddable":true,"href":"https:\/\/www.bestsheetmetalmachine.com\/fr\/wp-json\/wp\/v2\/users\/1"}],"replies":[{"embeddable":true,"href":"https:\/\/www.bestsheetmetalmachine.com\/fr\/wp-json\/wp\/v2\/comments?post=65"}],"version-history":[{"count":0,"href":"https:\/\/www.bestsheetmetalmachine.com\/fr\/wp-json\/wp\/v2\/pages\/65\/revisions"}],"wp:featuredmedia":[{"embeddable":true,"href":"https:\/\/www.bestsheetmetalmachine.com\/fr\/wp-json\/wp\/v2\/media\/359"}],"wp:attachment":[{"href":"https:\/\/www.bestsheetmetalmachine.com\/fr\/wp-json\/wp\/v2\/media?parent=65"}],"curies":[{"name":"wp","href":"https:\/\/api.w.org\/{rel}","templated":true}]}}