{"id":71,"date":"2022-06-11T22:39:20","date_gmt":"2022-06-11T21:39:20","guid":{"rendered":"https:\/\/safewheels.wordifysites.com\/?page_id=71"},"modified":"2024-04-18T16:37:27","modified_gmt":"2024-04-18T08:37:27","slug":"contactenos","status":"publish","type":"page","link":"https:\/\/www.bestsheetmetalmachine.com\/es\/contact-us\/","title":{"rendered":"Cont\u00e1ctenos"},"content":{"rendered":"<section class=\"gb-container gb-container-1537fc24\">\n<div class=\"gb-container gb-container-e58aed2b\">\n\n<h2 class=\"gb-headline gb-headline-c5003b59 gb-headline-text\">Get in touch<\/h2>\n\n\n\n<p class=\"gb-headline gb-headline-f5f6ce8a gb-headline-text\">If you have any questions, please contact us, we will get back to you as soon as possible.<\/p>\n\n\n<div class=\"gb-container gb-container-c1d4759b\">\n\n<span class=\"gb-button gb-button-10e59523\"><span class=\"gb-icon\"><svg xmlns=\"http:\/\/www.w3.org\/2000\/svg\" viewBox=\"0 0 512 512\" width=\"1em\" height=\"1em\" aria-hidden=\"true\"><path d=\"M464 64H48C21.49 64 0 85.49 0 112v288c0 26.51 21.49 48 48 48h416c26.51 0 48-21.49 48-48V112c0-26.51-21.49-48-48-48zm0 48v40.805c-22.422 18.259-58.168 46.651-134.587 106.49-16.841 13.247-50.201 45.072-73.413 44.701-23.208.375-56.579-31.459-73.413-44.701C106.18 199.465 70.425 171.067 48 152.805V112h416zM48 400V214.398c22.914 18.251 55.409 43.862 104.938 82.646 21.857 17.205 60.134 55.186 103.062 54.955 42.717.231 80.509-37.199 103.053-54.947 49.528-38.783 82.032-64.401 104.947-82.653V400H48z\" fill=\"currentColor\"><\/path><\/svg><\/span><\/span>\n\n\n<div class=\"gb-container gb-container-73575364\">\n\n<h3 class=\"gb-headline gb-headline-c3604ae8 gb-headline-text\">Email<\/h3>\n\n\n\n<p class=\"gb-headline gb-headline-f3e4fae6 gb-headline-text\"><a href=\"mailto:info@krrass.com\">info@krrass.com<\/a><\/p>\n\n<\/div>\n<\/div>\n\n<div class=\"gb-container gb-container-eacb46a4\">\n\n<span class=\"gb-button gb-button-989d5264\"><span class=\"gb-icon\"><svg xmlns=\"http:\/\/www.w3.org\/2000\/svg\" xml:space=\"preserve\" style=\"enable-background:new 0 0 278.567 278.567\" viewBox=\"0 0 278.567 278.567\"><path d=\"m271.245 212.376-42.426-42.426c-9.747-9.748-25.608-9.747-35.355 0l-5.604 5.604a22.773 22.773 0 0 1-16.21 6.715 22.773 22.773 0 0 1-16.21-6.715l-52.432-52.433a22.773 22.773 0 0 1-6.715-16.21c0-6.124 2.385-11.88 6.715-16.21l5.604-5.604c9.748-9.747 9.748-25.608 0-35.355L66.184 7.316c-9.747-9.748-25.608-9.748-35.355 0-35.842 35.841-41.047 92.195-12.378 133.996C50.52 188.071 90.49 228.04 137.248 260.109a104.985 104.985 0 0 0 59.508 18.452c27.162-.001 54.135-10.476 74.488-30.829 4.722-4.722 7.323-11 7.323-17.678s-2.6-12.956-7.322-17.678zM43.557 20.042c1.322-1.321 3.08-2.049 4.95-2.049s3.628.728 4.95 2.05l42.426 42.426c1.322 1.322 2.05 3.08 2.05 4.95s-.728 3.627-2.05 4.95l-2.525 2.525-52.27-52.27a89.44 89.44 0 0 1 2.469-2.582zm103.872 225.223c-44.923-30.811-83.323-69.211-114.134-114.134-19.572-28.537-20.084-65.246-3.069-93.912l52.046 52.046c-2.603 5.44-3.981 11.437-3.981 17.646 0 10.932 4.257 21.209 11.987 28.938l52.432 52.432c7.73 7.73 18.007 11.987 28.938 11.987 6.209 0 12.206-1.377 17.646-3.981l52.047 52.047c-28.665 17.015-65.374 16.504-93.912-3.069zm111.088-10.262a88.012 88.012 0 0 1-2.581 2.469l-52.27-52.27 2.525-2.525c1.322-1.322 3.08-2.05 4.95-2.05s3.628.728 4.95 2.05l42.426 42.426c2.729 2.729 2.729 7.171 0 9.9z\"><\/path><\/svg><\/span><\/span>\n\n\n<div class=\"gb-container gb-container-d8cf6b83\">\n\n<h3 class=\"gb-headline gb-headline-fd6f5d8d gb-headline-text\">Phone<\/h3>\n\n\n\n<p class=\"gb-headline gb-headline-743f3387 gb-headline-text\"><a href=\"tel: 0800 900 1000\"><\/a><a href=\"tel:008602557268586\">0086-025-5726-8586<\/a><\/p>\n\n<\/div>\n<\/div>\n\n<div class=\"gb-container gb-container-c01e01e1\">\n\n<span class=\"gb-button gb-button-c54e2043\"><span class=\"gb-icon\"><svg aria-hidden=\"true\" role=\"img\" height=\"1em\" width=\"1em\" viewBox=\"0 0 448 512\" xmlns=\"http:\/\/www.w3.org\/2000\/svg\"><path fill=\"currentColor\" d=\"M380.9 97.1C339 55.1 283.2 32 223.9 32c-122.4 0-222 99.6-222 222 0 39.1 10.2 77.3 29.6 111L0 480l117.7-30.9c32.4 17.7 68.9 27 106.1 27h.1c122.3 0 224.1-99.6 224.1-222 0-59.3-25.2-115-67.1-157zm-157 341.6c-33.2 0-65.7-8.9-94-25.7l-6.7-4-69.8 18.3L72 359.2l-4.4-7c-18.5-29.4-28.2-63.3-28.2-98.2 0-101.7 82.8-184.5 184.6-184.5 49.3 0 95.6 19.2 130.4 54.1 34.8 34.9 56.2 81.2 56.1 130.5 0 101.8-84.9 184.6-186.6 184.6zm101.2-138.2c-5.5-2.8-32.8-16.2-37.9-18-5.1-1.9-8.8-2.8-12.5 2.8-3.7 5.6-14.3 18-17.6 21.8-3.2 3.7-6.5 4.2-12 1.4-32.6-16.3-54-29.1-75.5-66-5.7-9.8 5.7-9.1 16.3-30.3 1.8-3.7.9-6.9-.5-9.7-1.4-2.8-12.5-30.1-17.1-41.2-4.5-10.8-9.1-9.3-12.5-9.5-3.2-.2-6.9-.2-10.6-.2-3.7 0-9.7 1.4-14.8 6.9-5.1 5.6-19.4 19-19.4 46.3 0 27.3 19.9 53.7 22.6 57.4 2.8 3.7 39.1 59.7 94.8 83.8 35.2 15.2 49 16.5 66.6 13.9 10.7-1.6 32.8-13.4 37.4-26.4 4.6-13 4.6-24.1 3.2-26.4-1.3-2.5-5-3.9-10.5-6.6z\"><\/path><\/svg><\/span><\/span>\n\n\n<div class=\"gb-container gb-container-0917168d\">\n\n<h3 class=\"gb-headline gb-headline-753199b0 gb-headline-text\">Whatsapp<\/h3>\n\n\n\n<p class=\"gb-headline gb-headline-284d6427 gb-headline-text\">+86 189 5208 7956<\/p>\n\n<\/div>\n<\/div>\n\n<div class=\"gb-container gb-container-0a31b6cd\">\n\n<span class=\"gb-button gb-button-e9624d06\"><span class=\"gb-icon\"><svg viewBox=\"0 0 368.666 368.666\" style=\"enable-background:new 0 0 368.666 368.666\" xml:space=\"preserve\" xmlns=\"http:\/\/www.w3.org\/2000\/svg\"><path d=\"M184.333 0C102.01 0 35.036 66.974 35.036 149.297c0 33.969 11.132 65.96 32.193 92.515 27.27 34.383 106.572 116.021 109.934 119.479l7.169 7.375 7.17-7.374c3.364-3.46 82.69-85.116 109.964-119.51 21.042-26.534 32.164-58.514 32.164-92.485C333.63 66.974 266.656 0 184.333 0zm101.462 229.355c-21.956 27.687-80.92 89.278-101.462 110.581-20.54-21.302-79.483-82.875-101.434-110.552-18.228-22.984-27.863-50.677-27.863-80.087C55.036 78.002 113.038 20 184.333 20c71.294 0 129.297 58.002 129.296 129.297 0 29.412-9.625 57.096-27.834 80.058z\"><\/path><path d=\"M184.333 59.265c-48.73 0-88.374 39.644-88.374 88.374s39.645 88.374 88.374 88.374 88.374-39.645 88.374-88.374-39.644-88.374-88.374-88.374zm0 156.748c-37.702 0-68.374-30.673-68.374-68.374 0-37.702 30.673-68.374 68.374-68.374s68.373 30.673 68.374 68.374c0 37.702-30.672 68.374-68.374 68.374z\"><\/path><\/svg><\/span><\/span>\n\n\n<div class=\"gb-container gb-container-25a02a25\">\n\n<h3 class=\"gb-headline gb-headline-eec48bfe gb-headline-text\">Location<\/h3>\n\n\n\n<p class=\"gb-headline gb-headline-ea38b2da gb-headline-text\">Nanjing, Jiangsu, China<\/p>\n\n<\/div>\n<\/div>\n\n\n<h2 class=\"gb-headline gb-headline-60b49352 gb-headline-text\">Social<\/h2>\n\n\n<div class=\"gb-container gb-container-3122df38\">\n\n<a class=\"gb-button gb-button-259344b4\" href=\"https:\/\/www.facebook.com\/KrrassMachine\" target=\"_blank\" rel=\"nofollow noopener noreferrer sponsored\"><span class=\"gb-icon\"><svg aria-hidden=\"true\" role=\"img\" height=\"1em\" width=\"1em\" viewBox=\"0 0 448 512\" xmlns=\"http:\/\/www.w3.org\/2000\/svg\"><path fill=\"currentColor\" d=\"M400 32H48A48 48 0 0 0 0 80v352a48 48 0 0 0 48 48h137.25V327.69h-63V256h63v-54.64c0-62.15 37-96.48 93.67-96.48 27.14 0 55.52 4.84 55.52 4.84v61h-31.27c-30.81 0-40.42 19.12-40.42 38.73V256h68.78l-11 71.69h-57.78V480H400a48 48 0 0 0 48-48V80a48 48 0 0 0-48-48z\"><\/path><\/svg><\/span><\/a>\n\n\n\n<a class=\"gb-button gb-button-2285e293\" href=\"https:\/\/twitter.com\/krrass8\" target=\"_blank\" rel=\"nofollow noopener noreferrer sponsored\"><span class=\"gb-icon\"><svg xmlns=\"http:\/\/www.w3.org\/2000\/svg\" viewBox=\"0 0 512 512\" class=\"e-font-icon-svg e-fab-x-twitter\"><path d=\"M389.2 48h70.6L305.6 224.2 487 464H345L233.7 318.6 106.5 464H35.8L200.7 275.5 26.8 48H172.4L272.9 180.9 389.2 48zM364.4 421.8h39.1L151.1 88h-42L364.4 421.8z\"><\/path><\/svg><\/span><\/a>\n\n\n\n<a class=\"gb-button gb-button-c4920660\" href=\"https:\/\/www.linkedin.com\/company\/10329746\/\" target=\"_blank\" rel=\"nofollow noopener noreferrer sponsored\"><span class=\"gb-icon\"><svg aria-hidden=\"true\" role=\"img\" height=\"1em\" width=\"1em\" viewBox=\"0 0 448 512\" xmlns=\"http:\/\/www.w3.org\/2000\/svg\"><path fill=\"currentColor\" d=\"M416 32H31.9C14.3 32 0 46.5 0 64.3v383.4C0 465.5 14.3 480 31.9 480H416c17.6 0 32-14.5 32-32.3V64.3c0-17.8-14.4-32.3-32-32.3zM135.4 416H69V202.2h66.5V416zm-33.2-243c-21.3 0-38.5-17.3-38.5-38.5S80.9 96 102.2 96c21.2 0 38.5 17.3 38.5 38.5 0 21.3-17.2 38.5-38.5 38.5zm282.1 243h-66.4V312c0-24.8-.5-56.7-34.5-56.7-34.6 0-39.9 27-39.9 54.9V416h-66.4V202.2h63.7v29.2h.9c8.9-16.8 30.6-34.5 62.9-34.5 67.2 0 79.7 44.3 79.7 101.9V416z\"><\/path><\/svg><\/span><\/a>\n\n\n\n<a class=\"gb-button gb-button-61a3c565\" href=\"https:\/\/www.youtube.com\/@krrass\" target=\"_blank\" rel=\"nofollow noopener noreferrer sponsored\"><span class=\"gb-icon\"><svg aria-hidden=\"true\" role=\"img\" height=\"1em\" width=\"1em\" viewBox=\"0 0 576 512\" xmlns=\"http:\/\/www.w3.org\/2000\/svg\"><path fill=\"currentColor\" d=\"M549.655 124.083c-6.281-23.65-24.787-42.276-48.284-48.597C458.781 64 288 64 288 64S117.22 64 74.629 75.486c-23.497 6.322-42.003 24.947-48.284 48.597-11.412 42.867-11.412 132.305-11.412 132.305s0 89.438 11.412 132.305c6.281 23.65 24.787 41.5 48.284 47.821C117.22 448 288 448 288 448s170.78 0 213.371-11.486c23.497-6.321 42.003-24.171 48.284-47.821 11.412-42.867 11.412-132.305 11.412-132.305s0-89.438-11.412-132.305zm-317.51 213.508V175.185l142.739 81.205-142.739 81.201z\"><\/path><\/svg><\/span><\/a>\n\n<\/div>\n<\/div>\n\n<div class=\"gb-container gb-container-c8cf2232\">\n\n<h3 class=\"gb-headline gb-headline-1f8b675c gb-headline-text\">Leave us a message and we will get back to you<\/h3>\n\n\n<style id=\"wpforms-css-vars-3523-block-22e2817f-ea47-48e9-95f1-8f90615c56e0\">\n\t\t\t\t#wpforms-3523.wpforms-block-22e2817f-ea47-48e9-95f1-8f90615c56e0 {\n\t\t\t\t--wpforms-field-text-color: var(--contrast);\n--wpforms-label-color: var(--base-2);\n--wpforms-button-background-color: var(--base-2);\n--wpforms-button-text-color: var(--contrast);\n\t\t\t}\n\t\t\t<\/style><div class=\"wpforms-container wpforms-container-full wpforms-block wpforms-block-22e2817f-ea47-48e9-95f1-8f90615c56e0 form_global wpforms-render-modern\" id=\"wpforms-3523\"><form id=\"wpforms-form-3523\" class=\"wpforms-validate wpforms-form wpforms-ajax-form\" data-formid=\"3523\" method=\"post\" enctype=\"multipart\/form-data\" action=\"\/es\/wp-json\/wp\/v2\/pages\/71\" data-token=\"d9b49f82d3ff023e68f63762485678d5\" data-token-time=\"1776395574\"><noscript class=\"wpforms-error-noscript\">Por favor, activa JavaScript en tu navegador para completar este formulario.<\/noscript><div id=\"wpforms-error-noscript\" style=\"display: none;\">Por favor, activa JavaScript en tu navegador para completar este formulario.<\/div><div class=\"wpforms-field-container\"><div id=\"wpforms-3523-field_4-container\" class=\"wpforms-field wpforms-field-layout\" data-field-id=\"4\"><div class=\"wpforms-field-layout-columns wpforms-field-layout-preset-50-50\"><div class=\"wpforms-layout-column wpforms-layout-column-50\" ><div id=\"wpforms-3523-field_3-container\" class=\"wpforms-field wpforms-field-name\" data-field-id=\"3\"><label class=\"wpforms-field-label\" for=\"wpforms-3523-field_3\">Name <span class=\"wpforms-required-label\" aria-hidden=\"true\">*<\/span><\/label><input type=\"text\" id=\"wpforms-3523-field_3\" class=\"wpforms-field-medium wpforms-field-required\" name=\"wpforms[fields][3]\" placeholder=\"Write Your Name\" aria-errormessage=\"wpforms-3523-field_3-error\" required><\/div><\/div><div class=\"wpforms-layout-column wpforms-layout-column-50\" ><div id=\"wpforms-3523-field_5-container\" class=\"wpforms-field wpforms-field-email\" data-field-id=\"5\"><label class=\"wpforms-field-label\" for=\"wpforms-3523-field_5\">Email <span class=\"wpforms-required-label\" aria-hidden=\"true\">*<\/span><\/label><input type=\"email\" id=\"wpforms-3523-field_5\" class=\"wpforms-field-medium wpforms-field-required\" name=\"wpforms[fields][5]\" placeholder=\"Write Your Email Address\" spellcheck=\"false\" aria-errormessage=\"wpforms-3523-field_5-error\" required><\/div><\/div><\/div><\/div><div id=\"wpforms-3523-field_6-container\" class=\"wpforms-field wpforms-field-phone\" data-field-id=\"6\"><label class=\"wpforms-field-label\" for=\"wpforms-3523-field_6\">Phone &amp; WhatsApp ID<\/label><input type=\"tel\" id=\"wpforms-3523-field_6\" class=\"wpforms-field-large wpforms-smart-phone-field\" data-rule-smart-phone-field=\"true\" name=\"wpforms[fields][6]\" placeholder=\"Write Your Phone or WhatsApp ID\" aria-label=\"Phone &amp; WhatsApp ID\" aria-errormessage=\"wpforms-3523-field_6-error\" ><\/div><div id=\"wpforms-3523-field_7-container\" class=\"wpforms-field wpforms-field-textarea\" data-field-id=\"7\"><label class=\"wpforms-field-label\" for=\"wpforms-3523-field_7\">Message <span class=\"wpforms-required-label\" aria-hidden=\"true\">*<\/span><\/label><textarea id=\"wpforms-3523-field_7\" class=\"wpforms-field-medium wpforms-field-required\" name=\"wpforms[fields][7]\" placeholder=\"Write Your Message\" aria-errormessage=\"wpforms-3523-field_7-error\" required><\/textarea><\/div><div id=\"wpforms-3523-field_9-container\" class=\"wpforms-field wpforms-field-hidden\" data-field-id=\"9\"><input type=\"hidden\" id=\"wpforms-3523-field_9\" name=\"wpforms[fields][9]\" value=\"Mozilla\/5.0 AppleWebKit\/537.36 (KHTML, like Gecko; compatible; ClaudeBot\/1.0; +claudebot@anthropic.com)\"><\/div><div id=\"wpforms-3523-field_10-container\" class=\"wpforms-field wpforms-field-hidden\" data-field-id=\"10\"><input type=\"hidden\" id=\"wpforms-3523-field_10\" name=\"wpforms[fields][10]\" value=\"216.73.216.57\"><\/div><div id=\"wpforms-3523-field_11-container\" class=\"wpforms-field wpforms-field-hidden\" data-field-id=\"11\"><input type=\"hidden\" id=\"wpforms-3523-field_11\" name=\"wpforms[fields][11]\" value=\"https:\/\/www.bestsheetmetalmachine.com\/es\/wp-json\/wp\/v2\/pages\/71\"><\/div><\/div><!-- .wpforms-field-container --><div class=\"wpforms-recaptcha-container wpforms-is-recaptcha wpforms-is-recaptcha-type-v3\" ><input type=\"hidden\" name=\"wpforms[recaptcha]\" value=\"\"><\/div><div class=\"wpforms-submit-container\" ><input type=\"hidden\" name=\"wpforms[id]\" value=\"3523\"><input type=\"hidden\" name=\"page_title\" value=\"\"><input type=\"hidden\" name=\"page_url\" value=\"https:\/\/www.bestsheetmetalmachine.com\/es\/wp-json\/wp\/v2\/pages\/71\"><input type=\"hidden\" name=\"url_referer\" value=\"\"><button type=\"submit\" name=\"wpforms[submit]\" id=\"wpforms-submit-3523\" class=\"wpforms-submit form_button_global\" data-alt-text=\"Sending...\" data-submit-text=\"Send\" aria-live=\"assertive\" value=\"wpforms-submit\">Send<\/button><img loading=\"lazy\" decoding=\"async\" src=\"https:\/\/www.bestsheetmetalmachine.com\/wp-content\/plugins\/wpforms\/assets\/images\/submit-spin.svg\" class=\"wpforms-submit-spinner\" style=\"display: none;\" width=\"26\" height=\"26\" alt=\"Cargando\" title=\"\"><\/div><\/form><\/div>  <!-- .wpforms-container -->\n<\/div>\n<\/section>","protected":false},"excerpt":{"rendered":"<p>Cont\u00e1ctanos. Si tienes alguna pregunta, cont\u00e1ctanos y te responderemos lo antes posible. Correo electr\u00f3nico: info@krrass.com Tel\u00e9fono: 0086-025-5726-8586 WhatsApp: +86 189 5208 7956 Ubicaci\u00f3n: Nanjing, Jiangsu, China. Redes sociales: D\u00e9janos un mensaje y nos pondremos en contacto contigo.<\/p>","protected":false},"author":1,"featured_media":365,"parent":0,"menu_order":0,"comment_status":"closed","ping_status":"closed","template":"","meta":{"_uag_custom_page_level_css":"","footnotes":""},"class_list":{"0":"post-71","1":"page","2":"type-page","3":"status-publish","4":"has-post-thumbnail","6":"infinite-scroll-item"},"uagb_featured_image_src":{"full":["https:\/\/www.bestsheetmetalmachine.com\/wp-content\/uploads\/2022\/06\/julian-hochgesang-Dkn8-zPIbwo-unsplash.jpg",1920,1280,false],"thumbnail":["https:\/\/www.bestsheetmetalmachine.com\/wp-content\/uploads\/2022\/06\/julian-hochgesang-Dkn8-zPIbwo-unsplash-240x160.jpg",240,160,true],"medium":["https:\/\/www.bestsheetmetalmachine.com\/wp-content\/uploads\/2022\/06\/julian-hochgesang-Dkn8-zPIbwo-unsplash-720x480.jpg",720,480,true],"medium_large":["https:\/\/www.bestsheetmetalmachine.com\/wp-content\/uploads\/2022\/06\/julian-hochgesang-Dkn8-zPIbwo-unsplash-960x640.jpg",960,640,true],"large":["https:\/\/www.bestsheetmetalmachine.com\/wp-content\/uploads\/2022\/06\/julian-hochgesang-Dkn8-zPIbwo-unsplash-1200x800.jpg",1200,800,true],"1536x1536":["https:\/\/www.bestsheetmetalmachine.com\/wp-content\/uploads\/2022\/06\/julian-hochgesang-Dkn8-zPIbwo-unsplash-1536x1024.jpg",1536,1024,true],"2048x2048":["https:\/\/www.bestsheetmetalmachine.com\/wp-content\/uploads\/2022\/06\/julian-hochgesang-Dkn8-zPIbwo-unsplash.jpg",1920,1280,false],"trp-custom-language-flag":["https:\/\/www.bestsheetmetalmachine.com\/wp-content\/uploads\/2022\/06\/julian-hochgesang-Dkn8-zPIbwo-unsplash.jpg",18,12,false]},"uagb_author_info":{"display_name":"admin","author_link":"https:\/\/www.bestsheetmetalmachine.com\/es\/author\/admin\/"},"uagb_comment_info":0,"uagb_excerpt":"Get in touch If you have any questions, please contact us, we will get back to you as soon as possible. Email info@krrass.com Phone 0086-025-5726-8586 Whatsapp +86 189 5208 7956 Location Nanjing, Jiangsu, China Social Leave us a message and we will get back to you","_links":{"self":[{"href":"https:\/\/www.bestsheetmetalmachine.com\/es\/wp-json\/wp\/v2\/pages\/71","targetHints":{"allow":["GET"]}}],"collection":[{"href":"https:\/\/www.bestsheetmetalmachine.com\/es\/wp-json\/wp\/v2\/pages"}],"about":[{"href":"https:\/\/www.bestsheetmetalmachine.com\/es\/wp-json\/wp\/v2\/types\/page"}],"author":[{"embeddable":true,"href":"https:\/\/www.bestsheetmetalmachine.com\/es\/wp-json\/wp\/v2\/users\/1"}],"replies":[{"embeddable":true,"href":"https:\/\/www.bestsheetmetalmachine.com\/es\/wp-json\/wp\/v2\/comments?post=71"}],"version-history":[{"count":0,"href":"https:\/\/www.bestsheetmetalmachine.com\/es\/wp-json\/wp\/v2\/pages\/71\/revisions"}],"wp:featuredmedia":[{"embeddable":true,"href":"https:\/\/www.bestsheetmetalmachine.com\/es\/wp-json\/wp\/v2\/media\/365"}],"wp:attachment":[{"href":"https:\/\/www.bestsheetmetalmachine.com\/es\/wp-json\/wp\/v2\/media?parent=71"}],"curies":[{"name":"wp","href":"https:\/\/api.w.org\/{rel}","templated":true}]}}