{"id":1930,"date":"2024-01-29T10:57:56","date_gmt":"2024-01-29T02:57:56","guid":{"rendered":"https:\/\/www.bestsheetmetalmachine.com\/?page_id=1930"},"modified":"2024-01-29T14:47:25","modified_gmt":"2024-01-29T06:47:25","slug":"preguntas-frecuentes","status":"publish","type":"page","link":"https:\/\/www.bestsheetmetalmachine.com\/es\/faqs\/","title":{"rendered":"Preguntas frecuentes"},"content":{"rendered":"<div class=\"gb-container gb-container-add286f5\">\n<div class=\"gb-container gb-container-2163dbd6\">\n<div id=\"rank-math-faq\" class=\"rank-math-block\">\n<div class=\"rank-math-list\">\n<div id=\"faq-question-1706497046798\" class=\"rank-math-list-item\">\n<h3 class=\"rank-math-question\">\u00bfQu\u00e9 es una prensa plegadora?<\/h3>\n<div class=\"rank-math-answer\">\n\n<p>A diferencia de la prensa plegadora hidromec\u00e1nica, que convert\u00eda la energ\u00eda hidr\u00e1ulica en energ\u00eda mec\u00e1nica mediante un motor hidr\u00e1ulico fijado a un eje exc\u00e9ntrico, la prensa plegadora hidr\u00e1ulica moderna emplea una bomba hidr\u00e1ulica y cilindros hidr\u00e1ulicos para mover el ariete. Este dise\u00f1o mejora significativamente la eficiencia, lo que permite una mayor velocidad y precisi\u00f3n.<br \/>Las prensas plegadoras hidr\u00e1ulicas modernas se pueden clasificar en dos subgrupos b\u00e1sicos: de acci\u00f3n ascendente y de acci\u00f3n descendente (todos los dem\u00e1s tipos de prensas plegadoras son de acci\u00f3n descendente \u00fanicamente). El estilo de acci\u00f3n ascendente fue dise\u00f1ado y utilizado por primera vez por los franceses. En nuestra perspectiva, la prensa plegadora de acci\u00f3n ascendente se destaca como el tipo superior, no solo debido a la gu\u00eda del pist\u00f3n y la disposici\u00f3n de los rodillos, sino tambi\u00e9n por sus caracter\u00edsticas naturales de antideflexi\u00f3n. La gravedad trabaja a favor del operador, ofreciendo una din\u00e1mica de trabajo m\u00e1s ventajosa.<br \/>Para que cualquier dispositivo mec\u00e1nico tenga movimiento, es necesario un cierto espacio libre que permita que el mecanismo funcione libremente. En la prensa plegadora, existe un espacio libre cr\u00edtico entre la fuente de energ\u00eda y el cuerpo del ariete. Si bien este espacio libre es \u00f3ptimo cuando la m\u00e1quina es nueva o reacondicionada, tiende a aumentar con el tiempo y el uso, lo que genera un exceso de juego en el mecanismo. En las prensas de acci\u00f3n descendente, este juego se encuentra en la parte inferior cuando no hay carga presente, desplaz\u00e1ndose hacia la punta de la conexi\u00f3n bajo carga, lo que afecta la repetibilidad y causa variaciones en los \u00e1ngulos de plegado. Por el contrario, la prensa plegadora de acci\u00f3n ascendente mantiene constantemente este juego en la parte inferior, ya sea bajo presi\u00f3n o no.<br \/>Las prensas plegadoras hidr\u00e1ulicas de acci\u00f3n descendente constituyen el 90% de todas las prensas plegadoras que se utilizan en la actualidad. Entre ellas, las prensas plegadoras hidr\u00e1ulicas se destacan por ser las m\u00e1s precisas, y suelen estar controladas por un controlador CNC o DNC (control num\u00e9rico por computadora o control num\u00e9rico directo). Estas computadoras, a su vez, supervisan un sistema de v\u00e1lvulas proporcionales, lo que permite un control preciso del movimiento descendente del cabezal y garantiza un control preciso del \u00e1ngulo de plegado.<\/p>\n\n<\/div>\n<\/div>\n<div id=\"faq-question-1706497100851\" class=\"rank-math-list-item\">\n<h3 class=\"rank-math-question\">\u00bfPara qu\u00e9 se utiliza una prensa plegadora?<\/h3>\n<div class=\"rank-math-answer\">\n\n<p>La prensa plegadora se utiliza ampliamente en el procesamiento de chapa de acero, especialmente en las siguientes industrias:<br \/><strong>Industria de la decoraci\u00f3n:<\/strong><br \/>La prensa plegadora CNC es esencial para doblar ascensores de acero inoxidable, puertas y marcos de acero, ventanas de acero y z\u00f3calos. En algunos casos, la ranuradora CNC en V se utiliza despu\u00e9s del doblado para lograr \u00e1ngulos de doblado perfectos.<br \/><strong>Industria el\u00e9ctrica:<\/strong><br \/>La prensa plegadora desempe\u00f1a un papel crucial en la producci\u00f3n de armarios el\u00e9ctricos. Despu\u00e9s de que la cizalla corta la chapa de acero, la prensa plegadora se utiliza para doblarla en armarios de diferentes tama\u00f1os utilizando varios tipos de punzones y matrices. Las herramientas segmentadas, especialmente para los cuernos izquierdo y derecho del punz\u00f3n, son vitales para formar la caja en la etapa final.<br \/><strong>Industria de la cocina:<\/strong><br \/>El acero inoxidable se utiliza habitualmente en aparatos de cocina, y la prensa plegadora es indispensable para doblarlos en diferentes formas antes de completar el producto final. Las prensas plegadoras CNC con varias opciones de punz\u00f3n y matriz, como punz\u00f3n de cuello de cisne y matriz 2V por segmentos, se utilizan habitualmente. La m\u00e1quina tambi\u00e9n se emplea para la fabricaci\u00f3n de productos HVAC y relacionados.<br \/><strong>Industria automovil\u00edstica y naval:<\/strong><br \/>En este sector, se utilizan ampliamente prensas plegadoras de gran capacidad y prensas plegadoras CNC, que exigen una mayor precisi\u00f3n y eficiencia de plegado. KRRASS, un fabricante de prensas plegadoras en China, se destaca en la producci\u00f3n de este tipo de m\u00e1quinas y brinda un excelente servicio a clientes de todo el mundo.<br \/><strong>Industria aeroespacial:<\/strong><br \/>La industria aeroespacial requiere una alta precisi\u00f3n, ya que los componentes producidos con prensas plegadoras CNC son piezas clave para el producto final y la tolerancia de doblado debe estar dentro de un rango aceptable. KRRASS ha satisfecho a clientes en este campo, conocido por entregar prensas plegadoras que cumplen con los requisitos m\u00e1s estrictos.<\/p>\n\n<\/div>\n<\/div>\n<\/div>\n<\/div>\n<\/div>\n<\/div>","protected":false},"excerpt":{"rendered":"","protected":false},"author":1,"featured_media":0,"parent":0,"menu_order":0,"comment_status":"closed","ping_status":"closed","template":"","meta":{"_uag_custom_page_level_css":"","footnotes":""},"class_list":{"0":"post-1930","1":"page","2":"type-page","3":"status-publish","5":"infinite-scroll-item"},"uagb_featured_image_src":{"full":false,"thumbnail":false,"medium":false,"medium_large":false,"large":false,"1536x1536":false,"2048x2048":false,"trp-custom-language-flag":false},"uagb_author_info":{"display_name":"admin","author_link":"https:\/\/www.bestsheetmetalmachine.com\/es\/author\/admin\/"},"uagb_comment_info":0,"uagb_excerpt":null,"_links":{"self":[{"href":"https:\/\/www.bestsheetmetalmachine.com\/es\/wp-json\/wp\/v2\/pages\/1930","targetHints":{"allow":["GET"]}}],"collection":[{"href":"https:\/\/www.bestsheetmetalmachine.com\/es\/wp-json\/wp\/v2\/pages"}],"about":[{"href":"https:\/\/www.bestsheetmetalmachine.com\/es\/wp-json\/wp\/v2\/types\/page"}],"author":[{"embeddable":true,"href":"https:\/\/www.bestsheetmetalmachine.com\/es\/wp-json\/wp\/v2\/users\/1"}],"replies":[{"embeddable":true,"href":"https:\/\/www.bestsheetmetalmachine.com\/es\/wp-json\/wp\/v2\/comments?post=1930"}],"version-history":[{"count":0,"href":"https:\/\/www.bestsheetmetalmachine.com\/es\/wp-json\/wp\/v2\/pages\/1930\/revisions"}],"wp:attachment":[{"href":"https:\/\/www.bestsheetmetalmachine.com\/es\/wp-json\/wp\/v2\/media?parent=1930"}],"curies":[{"name":"wp","href":"https:\/\/api.w.org\/{rel}","templated":true}]}}