{"id":1930,"date":"2024-01-29T10:57:56","date_gmt":"2024-01-29T02:57:56","guid":{"rendered":"https:\/\/www.bestsheetmetalmachine.com\/?page_id=1930"},"modified":"2024-01-29T14:47:25","modified_gmt":"2024-01-29T06:47:25","slug":"faqs","status":"publish","type":"page","link":"https:\/\/www.bestsheetmetalmachine.com\/de\/faqs\/","title":{"rendered":"FAQs"},"content":{"rendered":"<div class=\"gb-container gb-container-add286f5\">\n<div class=\"gb-container gb-container-2163dbd6\">\n<div id=\"rank-math-faq\" class=\"rank-math-block\">\n<div class=\"rank-math-list\">\n<div id=\"faq-question-1706497046798\" class=\"rank-math-list-item\">\n<h3 class=\"rank-math-question\">Was ist eine Abkantpresse?<\/h3>\n<div class=\"rank-math-answer\">\n\n<p>Anders als bei der hydromechanischen Abkantpresse, die hydraulische Energie mithilfe eines an einer Exzenterwelle befestigten Hydraulikmotors in mechanische Energie umwandelte, werden bei der modernen hydraulischen Abkantpresse eine Hydraulikpumpe und Hydraulikzylinder zum Bewegen des St\u00f6\u00dfels eingesetzt. Diese Konstruktion steigert die Effizienz erheblich und erm\u00f6glicht h\u00f6here Geschwindigkeit und Genauigkeit.<br \/>Die moderne hydraulische Abkantpresse kann in zwei grundlegende Untergruppen eingeteilt werden: aufw\u00e4rtswirkende und abw\u00e4rtswirkende (alle anderen Arten von Abkantpressen sind nur abw\u00e4rtswirkende). Die aufw\u00e4rtswirkende Art wurde zuerst von den Franzosen entwickelt und verwendet. Aus unserer Sicht ist die aufw\u00e4rtswirkende Abkantpresse die \u00fcberlegene Art, nicht nur aufgrund der F\u00fchrung des St\u00f6\u00dfels und der Anordnung der Rollen, sondern auch aufgrund ihrer nat\u00fcrlichen Anti-Durchbiegungseigenschaften. Die Schwerkraft arbeitet zugunsten des Bedieners und bietet eine vorteilhaftere Arbeitsdynamik.<br \/>Damit sich ein mechanisches Ger\u00e4t bewegen kann, ist ein gewisser Abstand erforderlich, damit der Mechanismus frei funktionieren kann. Bei der Abkantpresse besteht ein kritischer Abstand zwischen der Kraftquelle und dem St\u00f6\u00dfelk\u00f6rper. W\u00e4hrend dieser Abstand optimal ist, wenn die Maschine neu oder \u00fcberholt ist, neigt er dazu, mit zunehmendem Alter und Gebrauch zuzunehmen, was zu \u00fcberm\u00e4\u00dfigem Spiel im Mechanismus f\u00fchrt. Bei nach unten wirkenden Pressen befindet sich dieses Spiel unten, wenn keine Last vorhanden ist, und verschiebt sich unter Last zur Spitze der Verbindung, was die Wiederholgenauigkeit beeintr\u00e4chtigt und Abweichungen in den Biegewinkeln verursacht. Im Gegensatz dazu beh\u00e4lt die nach oben wirkende Abkantpresse dieses Spiel unten konstant bei, egal ob unter Druck oder nicht.<br \/>Abw\u00e4rtswirkende hydraulische Abkantpressen machen 90% aller heute verwendeten Abkantpressen aus. Unter ihnen ragen hydraulische Abkantpressen als die genauesten hervor und werden normalerweise von einem CNC- oder DNC-Controller (Computerized Numerical Control oder Direct Numerical Control) gesteuert. Diese Computer \u00fcberwachen wiederum ein Proportionalventilsystem, das eine pr\u00e4zise Steuerung der Abw\u00e4rtsbewegung des St\u00f6\u00dfels erm\u00f6glicht und eine genaue Kontrolle des Biegewinkels gew\u00e4hrleistet.<\/p>\n\n<\/div>\n<\/div>\n<div id=\"faq-question-1706497100851\" class=\"rank-math-list-item\">\n<h3 class=\"rank-math-question\">Wof\u00fcr wird eine Abkantpresse verwendet?<\/h3>\n<div class=\"rank-math-answer\">\n\n<p>Die Abkantpresse wird h\u00e4ufig in der Stahlblechverarbeitung eingesetzt, insbesondere in folgenden Branchen:<br \/><strong>Dekorationsindustrie:<\/strong><br \/>Die CNC-Abkantpresse ist unverzichtbar zum Biegen von Aufz\u00fcgen aus Edelstahl, Stahlt\u00fcren und -rahmen, Stahlfenstern und Sockelleisten. In einigen F\u00e4llen wird nach dem Biegen die CNC-V-Nutmaschine eingesetzt, um perfekte Biegewinkel zu erzielen.<br \/><strong>Elektroindustrie:<\/strong><br \/>Die Abkantpresse spielt bei der Herstellung von Schaltschr\u00e4nken eine entscheidende Rolle. Nachdem das Stahlblech von der Schermaschine geschnitten wurde, wird es mithilfe der Abkantpresse unter Verwendung verschiedener Stempel- und Matrizentypen in Schr\u00e4nke unterschiedlicher Gr\u00f6\u00dfe gebogen. Segmentierte Werkzeuge, insbesondere f\u00fcr die linken und rechten H\u00f6rner des Stempels, sind f\u00fcr die Formung des Kastens im Endstadium von entscheidender Bedeutung.<br \/><strong>K\u00fcchenindustrie:<\/strong><br \/>Edelstahl wird h\u00e4ufig in K\u00fcchenger\u00e4ten verwendet und die Abkantpresse ist unverzichtbar, um sie in verschiedene Formen zu biegen, bevor das Endprodukt fertig ist. H\u00e4ufig werden CNC-Abkantpressen mit verschiedenen Stanz- und Matrizenoptionen verwendet, wie z. B. Schwanenhalsstanze und 2V-Segmentmatrize. Die Maschine wird auch zur Herstellung von HVAC und verwandten Produkten eingesetzt.<br \/><strong>Automobil- und Schiffsindustrie:<\/strong><br \/>In diesem Sektor werden h\u00e4ufig Abkantpressen mit gro\u00dfer Kapazit\u00e4t und CNC-Abkantpressen verwendet, die eine h\u00f6here Biegegenauigkeit und Effizienz erfordern. KRRASS, ein Abkantpressenhersteller in China, ist auf die Herstellung solcher Maschinen spezialisiert und bietet Kunden weltweit einen hervorragenden Service.<br \/><strong>Luft- und Raumfahrtindustrie:<\/strong><br \/>Die Luft- und Raumfahrtindustrie erfordert hohe Pr\u00e4zision, da CNC-Abkantpressen hergestellte Komponenten Schl\u00fcsselteile f\u00fcr das Endprodukt sind und die Biegetoleranz innerhalb eines akzeptablen Bereichs liegen muss. KRRASS hat zufriedene Kunden in diesem Bereich und ist daf\u00fcr bekannt, Abkantpressen zu liefern, die strenge Anforderungen erf\u00fcllen.<\/p>\n\n<\/div>\n<\/div>\n<\/div>\n<\/div>\n<\/div>\n<\/div>","protected":false},"excerpt":{"rendered":"","protected":false},"author":1,"featured_media":0,"parent":0,"menu_order":0,"comment_status":"closed","ping_status":"closed","template":"","meta":{"_uag_custom_page_level_css":"","footnotes":""},"class_list":{"0":"post-1930","1":"page","2":"type-page","3":"status-publish","5":"infinite-scroll-item"},"uagb_featured_image_src":{"full":false,"thumbnail":false,"medium":false,"medium_large":false,"large":false,"1536x1536":false,"2048x2048":false,"trp-custom-language-flag":false},"uagb_author_info":{"display_name":"admin","author_link":"https:\/\/www.bestsheetmetalmachine.com\/de\/author\/admin\/"},"uagb_comment_info":0,"uagb_excerpt":null,"_links":{"self":[{"href":"https:\/\/www.bestsheetmetalmachine.com\/de\/wp-json\/wp\/v2\/pages\/1930","targetHints":{"allow":["GET"]}}],"collection":[{"href":"https:\/\/www.bestsheetmetalmachine.com\/de\/wp-json\/wp\/v2\/pages"}],"about":[{"href":"https:\/\/www.bestsheetmetalmachine.com\/de\/wp-json\/wp\/v2\/types\/page"}],"author":[{"embeddable":true,"href":"https:\/\/www.bestsheetmetalmachine.com\/de\/wp-json\/wp\/v2\/users\/1"}],"replies":[{"embeddable":true,"href":"https:\/\/www.bestsheetmetalmachine.com\/de\/wp-json\/wp\/v2\/comments?post=1930"}],"version-history":[{"count":0,"href":"https:\/\/www.bestsheetmetalmachine.com\/de\/wp-json\/wp\/v2\/pages\/1930\/revisions"}],"wp:attachment":[{"href":"https:\/\/www.bestsheetmetalmachine.com\/de\/wp-json\/wp\/v2\/media?parent=1930"}],"curies":[{"name":"wp","href":"https:\/\/api.w.org\/{rel}","templated":true}]}}